{"id":73,"date":"2025-04-09T14:41:13","date_gmt":"2025-04-09T12:41:13","guid":{"rendered":"https:\/\/www.lanationduweb.fr\/business\/?page_id=73"},"modified":"2025-07-17T10:10:32","modified_gmt":"2025-07-17T08:10:32","slug":"accueil","status":"publish","type":"page","link":"https:\/\/www.lanationduweb.fr\/netlinking\/en\/","title":{"rendered":"Home"},"content":{"rendered":"<p class=\"has-text-align-center\"><\/p>\n\n\n\n<blockquote class=\"wp-block-quote is-layout-flow wp-block-quote-is-layout-flow\">\n<h1 class=\"wp-block-heading has-ast-global-color-1-color has-text-color has-link-color wp-elements-a9466b117b4bad61124ec4bbac4491ea\">Boost your authority <\/h1>\n\n\n\n<h2 class=\"wp-block-heading has-ast-global-color-1-color has-text-color has-link-color wp-elements-1afc47714214cf1e9a10c3d400069a3b\">Thanks to our netlinking platform<\/h2>\n<\/blockquote>\n\n\n\n<div class=\"wp-block-media-text has-media-on-the-right is-stacked-on-mobile\" style=\"grid-template-columns:auto 33%\"><div class=\"wp-block-media-text__content\">\n<p class=\"has-black-color has-text-color has-link-color has-medium-font-size wp-elements-30dc973c349c3212816f680eb8af536f\"><strong><mark style=\"background-color:rgba(0, 0, 0, 0)\" class=\"has-inline-color has-ast-global-color-1-color\">LNDW Netlinking<\/mark><\/strong> is a platform specialized in <strong>netlinking<\/strong> A quality platform designed to boost website visibility on search engines. Thanks to a carefully selected network of partners and a performance-based approach, we help SEO agencies, freelancers, and brands achieve their ranking goals.<\/p>\n<\/div><figure class=\"wp-block-media-text__media\"><img loading=\"lazy\" decoding=\"async\" width=\"552\" height=\"452\" src=\"https:\/\/www.lanationduweb.fr\/business\/wp-content\/uploads\/2025\/04\/serp-google.png\" alt=\"\" class=\"wp-image-117 size-full\" srcset=\"\" sizes=\"auto, (max-width: 552px) 100vw, 552px\" data-srcset=\"\" \/><\/figure><\/div>\n\n\n\n<p><\/p>\n\n\n\n<p><\/p>\n\n\n\n<p><\/p>\n\n\n\n<figure class=\"wp-block-video\"><video height=\"900\" style=\"aspect-ratio: 1600 \/ 900;\" width=\"1600\" autoplay loop muted preload=\"auto\" src=\"https:\/\/www.lanationduweb.fr\/netlinking\/wp-content\/uploads\/2025\/04\/B-4.mp4\" playsinline><\/video><\/figure>\n\n\n\n<div style=\"height:40px\" aria-hidden=\"true\" class=\"wp-block-spacer\"><\/div>\n\n\n\n<div class=\"wp-block-buttons alignwide is-content-justification-center is-layout-flex wp-container-core-buttons-is-layout-a89b3969 wp-block-buttons-is-layout-flex\">\n<div class=\"wp-block-button has-custom-width wp-block-button__width-75 is-style-fill\"><a class=\"wp-block-button__link has-medium-font-size has-custom-font-size wp-element-button\" href=\"https:\/\/www.lanationduweb.fr\/netlinking\/en\/service\/\" style=\"border-radius:100px\">Get started<\/a><\/div>\n<\/div>\n\n\n\n<div style=\"height:100px\" aria-hidden=\"true\" class=\"wp-block-spacer\"><\/div>\n\n\n\n<p class=\"has-text-align-center has-black-color has-text-color has-link-color has-large-font-size wp-elements-6d4b9363d90cb58297806b826a5a7e99\"><strong>Netlinking: The Essential Pillar of SEO<\/strong><\/p>\n\n\n\n<p class=\"has-black-color has-text-color has-link-color wp-elements-53dc501981f261ef518a09b24709f46f\">In an organic SEO strategy, netlinking is essential to boost your website\u2019s visibility. This practice involves increasing the number of backlinks (external links) pointing to your site, which signals to search engines that your content is credible and relevant. By acquiring these links, you improve your ranking in Google\u2019s search results.<\/p>\n\n\n\n<p class=\"has-black-color has-text-color has-link-color wp-elements-ac3706b7cfd00dcdefc8e576a6349d8d\">Our agency offers you tailored support to effectively deploy your netlinking strategy \u2014 from budget allocation to the selection of media outlets and anchor texts.<\/p>\n\n\n\n<div style=\"height:100px\" aria-hidden=\"true\" class=\"wp-block-spacer\"><\/div>\n\n\n\n<h3 class=\"wp-block-heading has-text-align-center\" style=\"border-style:none;border-width:0px;border-radius:0px\">How does LNDW Netlinking work?<\/h3>\n\n\n\n<p><\/p>\n\n\n\n<h6 class=\"wp-block-heading\"><strong>1. Free registration<\/strong><\/h6>\n\n\n\n<p>Create your account in just a few clicks and get instant access to our backlink catalog.<\/p>\n\n\n\n<h6 class=\"wp-block-heading\">2. Customize your campaign<\/h6>\n\n\n\n<ul class=\"wp-block-list\">\n<li class=\"has-black-color has-text-color has-link-color wp-elements-1f63449724534d693389a7aa94defa25\">Choose the right offer<br>Select the option that best fits your goals and budget.<\/li>\n\n\n\n<li class=\"has-black-color has-text-color has-link-color wp-elements-71d292065933fed5684ae6e9ff7c3ad3\">Add one or more URLs<br>Specify the pages you want to direct the links to.<\/li>\n\n\n\n<li class=\"has-black-color has-text-color has-link-color wp-elements-ef39928e4863e55055dd78826dd4bcb3\">Define your keywords<br>Target the key phrases you want to highlight for your SEO strategy.<\/li>\n\n\n\n<li class=\"has-black-color has-text-color has-link-color wp-elements-6d3aa07dcb04cd972274914ef6ae9bfc\">Add multimedia content (optional)<br>Include images or videos to enrich your article \u2014 this step is optional.<\/li>\n\n\n\n<li class=\"has-black-color has-text-color has-link-color wp-elements-c1259eb42b44a40f5befa3acc097183f\">Import or write your article<br>Upload your content as a PDF or create it directly using our built-in editor.<\/li>\n\n\n\n<li class=\"has-black-color has-text-color has-link-color wp-elements-77b203a87b02739ac939fbebb7d1dc3f\">Enable the SEO option (optional)<br>Enhance the SEO of your publication on our partner sites with this additional feature.<\/li>\n<\/ul>\n\n\n\n<h6 class=\"wp-block-heading\">3. Receive your backlink<\/h6>\n\n\n\n<p class=\"has-black-color has-text-color has-link-color wp-elements-8b30b6679964e4b0ce435e90edef9e1e\">Once your order is confirmed, your link will be published within 72 hours. Fast, simple, and effective.<\/p>\n\n\n\n<div class=\"wp-block-buttons is-content-justification-center is-layout-flex wp-container-core-buttons-is-layout-a89b3969 wp-block-buttons-is-layout-flex\">\n<div class=\"wp-block-button has-custom-width wp-block-button__width-75\"><a class=\"wp-block-button__link has-medium-font-size has-custom-font-size wp-element-button\" href=\"https:\/\/www.lanationduweb.fr\/netlinking\/en\/inscription\/\" style=\"border-radius:100px\">Sign up<\/a><\/div>\n<\/div>\n\n\n\n<div style=\"height:100px\" aria-hidden=\"true\" class=\"wp-block-spacer\"><\/div>\n\n\n\n<h3 class=\"wp-block-heading\">Maximize the effectiveness of your campaign!<\/h3>\n\n\n\n<div class=\"wp-block-media-text is-stacked-on-mobile\"><figure class=\"wp-block-media-text__media\"><img loading=\"lazy\" decoding=\"async\" width=\"1024\" height=\"1024\" src=\"https:\/\/www.lanationduweb.fr\/business\/wp-content\/uploads\/2025\/04\/yellow-and-black-digital-marketing-Instagram-post-1024x1024.png\" alt=\"Netlinking\" class=\"wp-image-175 size-full\" srcset=\"\" sizes=\"auto, (max-width: 1024px) 100vw, 1024px\" data-srcset=\"\" \/><\/figure><div class=\"wp-block-media-text__content\">\n<p class=\"has-black-color has-text-color has-link-color wp-elements-153cc556b807c2f5c73d087a9b3da7a9\"><strong> Search for your keywords<\/strong><\/p>\n\n\n\n<p class=\"has-black-color has-text-color has-link-color wp-elements-6a8d071cba23904b8398fcbb8fcdc83e\">Before choosing your anchor texts, identify the most relevant keywords for your business. Choose terms that are:<\/p>\n\n\n\n<ul class=\"wp-block-list\">\n<li class=\"has-black-color has-text-color has-link-color wp-elements-bba3755143b461c02bf39b7f71f9b0fe\">with <strong>a high search volume<\/strong><\/li>\n\n\n\n<li class=\"has-black-color has-text-color has-link-color wp-elements-c1ea7a82c328b6fdd375fd19b3beac91\">Low to moderately competitive (depending on your authority)<\/li>\n\n\n\n<li class=\"has-black-color has-text-color has-link-color wp-elements-b12582a6843eb5e656c031f1656966bc\">Directly related to your visitors\u2019 intent<\/li>\n<\/ul>\n\n\n\n<p class=\"has-black-color has-text-color has-link-color wp-elements-6553dafcfc2eb6197461a5b3bd6949f5\"><strong>Recommended tools for keyword analysis:<\/strong><\/p>\n\n\n\n<figure class=\"wp-block-gallery has-nested-images columns-default is-cropped wp-block-gallery-1 is-layout-flex wp-block-gallery-is-layout-flex\">\n<figure class=\"wp-block-image size-thumbnail\"><img loading=\"lazy\" decoding=\"async\" width=\"150\" height=\"150\" data-id=\"251\" src=\"https:\/\/www.lanationduweb.fr\/netlinking\/wp-content\/uploads\/2025\/04\/sem-1-150x150.png\" alt=\"\" class=\"wp-image-251\" srcset=\"\" sizes=\"auto, (max-width: 150px) 100vw, 150px\" data-srcset=\"\" \/><\/figure>\n\n\n\n<figure class=\"wp-block-image size-thumbnail\"><a href=\"https:\/\/moz.com\/\" target=\"_blank\" rel=\" noreferrer noopener\"><img loading=\"lazy\" decoding=\"async\" width=\"150\" height=\"150\" data-id=\"180\" src=\"https:\/\/www.lanationduweb.fr\/netlinking\/wp-content\/uploads\/2025\/04\/images-4-150x150.png\" alt=\"\" class=\"wp-image-180\" srcset=\"\" sizes=\"auto, (max-width: 150px) 100vw, 150px\" data-srcset=\"\" \/><\/a><\/figure>\n\n\n\n<figure class=\"wp-block-image size-thumbnail\"><a href=\"https:\/\/ahrefs.com\/fr\" target=\"_blank\" rel=\" noreferrer noopener\"><img loading=\"lazy\" decoding=\"async\" width=\"150\" height=\"150\" data-id=\"164\" src=\"https:\/\/www.lanationduweb.fr\/netlinking\/wp-content\/uploads\/2025\/04\/images-3-1-150x150.png\" alt=\"mot cl\u00e9\" class=\"wp-image-164\" srcset=\"\" sizes=\"auto, (max-width: 150px) 100vw, 150px\" data-srcset=\"\" \/><\/a><\/figure>\n<\/figure>\n<\/div><\/div>\n\n\n\n<div style=\"height:100px\" aria-hidden=\"true\" class=\"wp-block-spacer\"><\/div>\n\n\n\n<p class=\"has-text-align-center has-black-color has-text-color has-link-color has-x-large-font-size wp-elements-ee78ff022be6cc42458010e1d58f5a7f\"><strong>Our Sites<\/strong><\/p>\n\n\n\n<details class=\"wp-block-details has-medium-font-size is-layout-flow wp-container-core-details-is-layout-22223934 wp-block-details-is-layout-flow\"><summary><strong>Active sites<\/strong><\/summary>\n<p class=\"has-black-color has-text-color has-link-color wp-elements-b4dc24e405fa5867ec279e66d7cb627a\" style=\"font-size:18px\">We are committed to keeping our sites active by regularly publishing fresh, high-quality articles.<\/p>\n\n\n\n<p><\/p>\n<\/details>\n\n\n\n<details class=\"wp-block-details has-medium-font-size is-layout-flow wp-container-core-details-is-layout-22223934 wp-block-details-is-layout-flow\"><summary><strong>Diverse topics<\/strong><\/summary>\n<p class=\"has-black-color has-text-color has-link-color wp-elements-f1017fdde4810f2e8bc1fec7e60c2748\" style=\"font-size:18px\">Need themed backlinks? We offer a wide range of specialized sites to perfectly meet your needs.<\/p>\n\n\n\n<p><\/p>\n<\/details>\n\n\n\n<details class=\"wp-block-details has-medium-font-size is-layout-flow wp-container-core-details-is-layout-22223934 wp-block-details-is-layout-flow\"><summary><strong>Guaranteed indexing<\/strong><\/summary>\n<p class=\"has-black-color has-text-color has-link-color wp-elements-a382cdeb6578607e6f3228eca2af21ef\" style=\"font-size:18px\">A backlink must be indexed to be effective. If your link isn\u2019t indexed within 21 days, we\u2019ll provide you with an additional backlink free of charge.<\/p>\n\n\n\n<p><\/p>\n<\/details>\n\n\n\n<details class=\"wp-block-details has-medium-font-size is-layout-flow wp-container-core-details-is-layout-22223934 wp-block-details-is-layout-flow\"><summary><strong>Prohibited topics<\/strong><\/summary>\n<p style=\"font-size:18px\">To maintain the quality of our sites and their editorial standards, we refuse any orders related to topics that are illegal in France (prostitution, drugs, etc.) or considered sensitive\/borderline, such as gambling, casinos, or online betting.<br>We are committed to preserving the value and reputation of our sites, which is why these topics are not accepted.<\/p>\n\n\n\n<p style=\"font-size:18px\"><\/p>\n<\/details>\n\n\n\n<details class=\"wp-block-details has-medium-font-size is-layout-flow wp-container-core-details-is-layout-22223934 wp-block-details-is-layout-flow\"><summary><strong>What is netlinking?<\/strong><\/summary>\n<p style=\"font-size:18px\">The <strong>netlinking<\/strong>, also called <strong>link building<\/strong>, is an SEO strategy that involves obtaining <strong>backlinks<\/strong> (incoming links) pointing to a website. These links strengthen the <strong>popularity<\/strong> and the <strong>visibility<\/strong> a site\u2019s authority in the eyes of search engines like Google. At <strong>LNDW Netlinking<\/strong>, we help you build a natural, relevant, and long-lasting link profile.<\/p>\n\n\n\n<p><\/p>\n<\/details>\n\n\n\n<details class=\"wp-block-details has-medium-font-size is-layout-flow wp-container-core-details-is-layout-22223934 wp-block-details-is-layout-flow\"><summary><strong>Why do netlinking?<\/strong><\/summary>\n<p style=\"font-size:18px\">Doing <strong>netlinking<\/strong>, is about improving your <strong>Organic SEO<\/strong>. A site with <strong>quality links<\/strong> gains authority and better positioning on Google. At <strong>LNDW Netlinking<\/strong>, we set up effective campaigns to boost your <strong>organic traffic<\/strong> and your <strong>SEO results.<\/strong>.<\/p>\n\n\n\n<p><\/p>\n<\/details>\n\n\n\n<details class=\"wp-block-details has-medium-font-size is-layout-flow wp-container-core-details-is-layout-22223934 wp-block-details-is-layout-flow\"><summary><strong>Low-cost netlinking<\/strong><\/summary>\n<p style=\"font-size:18px\">Are you looking for <strong>affordable netlinking<\/strong> without sacrificing quality ? <strong>LNDW Netlinking<\/strong> offers budget-friendly packages for small businesses, SMEs, and freelancers, while ensuring effective and long-lasting backlinks.<\/p>\n\n\n\n<p><\/p>\n<\/details>\n\n\n\n<details class=\"wp-block-details has-medium-font-size is-layout-flow wp-container-core-details-is-layout-22223934 wp-block-details-is-layout-flow\"><summary><strong>How to do netlinking?<\/strong><\/summary>\n<p style=\"font-size:18px\">To do <strong>netlinking<\/strong> effectively, it\u2019s essential to focus on quality links from reliable and well-themed sites. With <strong>LNDW Netlinking<\/strong>, you get access to <strong>a simple and intuitive platform<\/strong> that lets you <strong>order your backlinks in just a few clicks<\/strong>. Choose your packages, anchors, and track your campaigns independently, all while benefiting from our team\u2019s expertise if needed.<\/p>\n\n\n\n<div style=\"height:100px\" aria-hidden=\"true\" class=\"wp-block-spacer\"><\/div>\n\n\n\n<p><\/p>\n<\/details>\n\n\n\n<p><\/p>\n\n\n\n<div class=\"wp-block-buttons is-content-justification-center is-layout-flex wp-container-core-buttons-is-layout-a89b3969 wp-block-buttons-is-layout-flex\">\n<div class=\"wp-block-button has-custom-width wp-block-button__width-75 is-style-fill\"><a class=\"wp-block-button__link has-medium-font-size has-custom-font-size wp-element-button\" href=\"https:\/\/www.lanationduweb.fr\/netlinking\/en\/service\/\" style=\"border-radius:100px;padding-top:var(--wp--preset--spacing--30);padding-right:var(--wp--preset--spacing--30);padding-bottom:var(--wp--preset--spacing--30);padding-left:var(--wp--preset--spacing--30)\">Get started<\/a><\/div>\n<\/div>\n\n\n\n<p class=\"has-small-font-size\"><\/p>\n\n\n\n<div style=\"height:100px\" aria-hidden=\"true\" class=\"wp-block-spacer\"><\/div>\n\n\n\n<p class=\"has-x-large-font-size\" style=\"border-radius:0px\"><strong>Contact-Us<\/strong><\/p>\n\n\n\n<div class=\"forminator-guttenberg\"><div class=\"forminator-ui forminator-custom-form forminator-custom-form-224 forminator-design--default  forminator_ajax\" data-forminator-render=\"0\" data-form=\"forminator-module-224\" data-uid=\"69fb526dc1865\"><br\/><\/div><form\n\t\t\t\tid=\"forminator-module-224\"\n\t\t\t\tclass=\"forminator-ui forminator-custom-form forminator-custom-form-224 forminator-design--default  forminator_ajax\"\n\t\t\t\tmethod=\"post\"\n\t\t\t\tdata-forminator-render=\"0\"\n\t\t\t\tdata-form-id=\"224\"\n\t\t\t\t data-color-option=\"default\" data-design=\"default\" data-grid=\"open\" style=\"display: none;\"\n\t\t\t\tdata-uid=\"69fb526dc1865\" action=\"\"\n\t\t\t><div role=\"alert\" aria-live=\"polite\" class=\"forminator-response-message forminator-error\" aria-hidden=\"true\"><\/div><div class=\"forminator-row\"><div id=\"name-1\" class=\"forminator-field-name forminator-col forminator-col-12\"><div class=\"forminator-field\"><label for=\"forminator-field-name-1_69fb526dc1865\" id=\"forminator-field-name-1_69fb526dc1865-label\" class=\"forminator-label\">Full Name <span class=\"forminator-required\">*<\/span><\/label><input type=\"text\" name=\"name-1\" value=\"\" placeholder=\"For example: Jean\" id=\"forminator-field-name-1_69fb526dc1865\" class=\"forminator-input forminator-name--field\" aria-required=\"true\" autocomplete=\"name\" \/><\/div><\/div><\/div><div class=\"forminator-row\"><div id=\"email-1\" class=\"forminator-field-email forminator-col forminator-col-12\"><div class=\"forminator-field\"><label for=\"forminator-field-email-1_69fb526dc1865\" id=\"forminator-field-email-1_69fb526dc1865-label\" class=\"forminator-label\">Mail <span class=\"forminator-required\">*<\/span><\/label><input type=\"email\" name=\"email-1\" value=\"\" placeholder=\"For example: jacques@martin.com\" id=\"forminator-field-email-1_69fb526dc1865\" class=\"forminator-input forminator-email--field\" data-required=\"true\" aria-required=\"true\" autocomplete=\"email\" \/><\/div><\/div><\/div><div class=\"forminator-row\"><div id=\"phone-1\" class=\"forminator-field-phone forminator-col forminator-col-12\"><div class=\"forminator-field\"><label for=\"forminator-field-phone-1_69fb526dc1865\" id=\"forminator-field-phone-1_69fb526dc1865-label\" class=\"forminator-label\">Phone<\/label><input type=\"text\" name=\"phone-1\" value=\"\" placeholder=\"For example: +1 02 03 04 05\" id=\"forminator-field-phone-1_69fb526dc1865\" class=\"forminator-input forminator-field--phone\" data-required=\"\" aria-required=\"false\" autocomplete=\"off\" \/><\/div><\/div><\/div><div class=\"forminator-row\"><div id=\"textarea-1\" class=\"forminator-field-textarea forminator-col forminator-col-12\"><div class=\"forminator-field\"><label for=\"forminator-field-textarea-1_69fb526dc1865\" id=\"forminator-field-textarea-1_69fb526dc1865-label\" class=\"forminator-label\">Message <span class=\"forminator-required\">*<\/span><\/label><span id=\"forminator-field-textarea-1_69fb526dc1865-description\" class=\"forminator-description\"><span data-limit=\"1000\" data-type=\"characters\" data-editor=\"\">0 \/ 1000<\/span><\/span><textarea name=\"textarea-1\" placeholder=\"Type your message\u2026\" id=\"forminator-field-textarea-1_69fb526dc1865\" class=\"forminator-textarea\" rows=\"6\" style=\"min-height:140px;\" maxlength=\"1000\" ><\/textarea><\/div><\/div><\/div><input type=\"hidden\" name=\"referer_url\" value=\"\" \/><div class=\"forminator-row forminator-row-last\"><div class=\"forminator-col\"><div class=\"forminator-field\"><button class=\"forminator-button forminator-button-submit\">Send the message<\/button><\/div><\/div><\/div><input type=\"hidden\" id=\"forminator_nonce\" name=\"forminator_nonce\" value=\"3253900029\" \/><input type=\"hidden\" name=\"_wp_http_referer\" value=\"\/netlinking\/en\/wp-json\/wp\/v2\/pages\/73\" \/><input type=\"hidden\" name=\"form_id\" value=\"224\"><input type=\"hidden\" name=\"page_id\" value=\"73\"><input type=\"hidden\" name=\"form_type\" value=\"default\"><input type=\"hidden\" name=\"current_url\" value=\"https:\/\/www.lanationduweb.fr\/netlinking\/en\/\"><input type=\"hidden\" name=\"render_id\" value=\"0\"><input type=\"hidden\" name=\"action\" value=\"forminator_submit_form_custom-forms\"><input type=\"hidden\" name=\"trp-form-language\" value=\"en\"\/><\/form><\/div>\n\n\n\n<p style=\"border-radius:0px\"><\/p>\n\n\n\n<p><\/p>","protected":false},"excerpt":{"rendered":"<p>Boostez votre autorit\u00e9 gr\u00e2ce \u00e0 notre&nbsp;plateforme de netlinking LNDW Netlinking est une plateforme sp\u00e9cialis\u00e9e dans le netlinking de qualit\u00e9, pens\u00e9e [&hellip;]<\/p>","protected":false},"author":1,"featured_media":0,"parent":0,"menu_order":0,"comment_status":"closed","ping_status":"closed","template":"","meta":{"site-sidebar-layout":"default","site-content-layout":"","ast-site-content-layout":"","site-content-style":"default","site-sidebar-style":"default","ast-global-header-display":"","ast-banner-title-visibility":"","ast-main-header-display":"","ast-hfb-above-header-display":"","ast-hfb-below-header-display":"","ast-hfb-mobile-header-display":"","site-post-title":"disabled","ast-breadcrumbs-content":"","ast-featured-img":"","footer-sml-layout":"","theme-transparent-header-meta":"","adv-header-id-meta":"","stick-header-meta":"","header-above-stick-meta":"","header-main-stick-meta":"","header-below-stick-meta":"","astra-migrate-meta-layouts":"default","ast-page-background-enabled":"default","ast-page-background-meta":{"desktop":{"background-color":"var(--ast-global-color-5)","background-image":"","background-repeat":"repeat","background-position":"center center","background-size":"auto","background-attachment":"scroll","background-type":"","background-media":"","overlay-type":"","overlay-color":"","overlay-opacity":"","overlay-gradient":""},"tablet":{"background-color":"","background-image":"","background-repeat":"repeat","background-position":"center center","background-size":"auto","background-attachment":"scroll","background-type":"","background-media":"","overlay-type":"","overlay-color":"","overlay-opacity":"","overlay-gradient":""},"mobile":{"background-color":"","background-image":"","background-repeat":"repeat","background-position":"center center","background-size":"auto","background-attachment":"scroll","background-type":"","background-media":"","overlay-type":"","overlay-color":"","overlay-opacity":"","overlay-gradient":""}},"ast-content-background-meta":{"desktop":{"background-color":"var(--ast-global-color-4)","background-image":"","background-repeat":"repeat","background-position":"center center","background-size":"auto","background-attachment":"scroll","background-type":"","background-media":"","overlay-type":"","overlay-color":"","overlay-opacity":"","overlay-gradient":""},"tablet":{"background-color":"var(--ast-global-color-4)","background-image":"","background-repeat":"repeat","background-position":"center center","background-size":"auto","background-attachment":"scroll","background-type":"","background-media":"","overlay-type":"","overlay-color":"","overlay-opacity":"","overlay-gradient":""},"mobile":{"background-color":"var(--ast-global-color-4)","background-image":"","background-repeat":"repeat","background-position":"center center","background-size":"auto","background-attachment":"scroll","background-type":"","background-media":"","overlay-type":"","overlay-color":"","overlay-opacity":"","overlay-gradient":""}},"footnotes":""},"class_list":["post-73","page","type-page","status-publish","hentry"],"_links":{"self":[{"href":"https:\/\/www.lanationduweb.fr\/netlinking\/en\/wp-json\/wp\/v2\/pages\/73","targetHints":{"allow":["GET"]}}],"collection":[{"href":"https:\/\/www.lanationduweb.fr\/netlinking\/en\/wp-json\/wp\/v2\/pages"}],"about":[{"href":"https:\/\/www.lanationduweb.fr\/netlinking\/en\/wp-json\/wp\/v2\/types\/page"}],"author":[{"embeddable":true,"href":"https:\/\/www.lanationduweb.fr\/netlinking\/en\/wp-json\/wp\/v2\/users\/1"}],"replies":[{"embeddable":true,"href":"https:\/\/www.lanationduweb.fr\/netlinking\/en\/wp-json\/wp\/v2\/comments?post=73"}],"version-history":[{"count":98,"href":"https:\/\/www.lanationduweb.fr\/netlinking\/en\/wp-json\/wp\/v2\/pages\/73\/revisions"}],"predecessor-version":[{"id":323,"href":"https:\/\/www.lanationduweb.fr\/netlinking\/en\/wp-json\/wp\/v2\/pages\/73\/revisions\/323"}],"wp:attachment":[{"href":"https:\/\/www.lanationduweb.fr\/netlinking\/en\/wp-json\/wp\/v2\/media?parent=73"}],"curies":[{"name":"wp","href":"https:\/\/api.w.org\/{rel}","templated":true}]}}