{"id":73,"date":"2025-04-09T14:41:13","date_gmt":"2025-04-09T12:41:13","guid":{"rendered":"https:\/\/www.lanationduweb.fr\/business\/?page_id=73"},"modified":"2025-07-17T10:10:32","modified_gmt":"2025-07-17T08:10:32","slug":"accueil","status":"publish","type":"page","link":"https:\/\/www.lanationduweb.fr\/netlinking\/","title":{"rendered":"Accueil"},"content":{"rendered":"\n<p class=\"has-text-align-center\"><\/p>\n\n\n\n<blockquote class=\"wp-block-quote is-layout-flow wp-block-quote-is-layout-flow\">\n<h1 class=\"wp-block-heading has-ast-global-color-1-color has-text-color has-link-color wp-elements-a9466b117b4bad61124ec4bbac4491ea\">Boostez votre autorit\u00e9 <\/h1>\n\n\n\n<h2 class=\"wp-block-heading has-ast-global-color-1-color has-text-color has-link-color wp-elements-1afc47714214cf1e9a10c3d400069a3b\">gr\u00e2ce \u00e0 notre&nbsp;plateforme de netlinking<\/h2>\n<\/blockquote>\n\n\n\n<div class=\"wp-block-media-text has-media-on-the-right is-stacked-on-mobile\" style=\"grid-template-columns:auto 33%\"><div class=\"wp-block-media-text__content\">\n<p class=\"has-black-color has-text-color has-link-color has-medium-font-size wp-elements-30dc973c349c3212816f680eb8af536f\"><strong><mark style=\"background-color:rgba(0, 0, 0, 0)\" class=\"has-inline-color has-ast-global-color-1-color\">LNDW Netlinking<\/mark><\/strong> est une plateforme sp\u00e9cialis\u00e9e dans le <strong>netlinking<\/strong> de qualit\u00e9, pens\u00e9e pour booster la visibilit\u00e9 des sites web sur les moteurs de recherche. Gr\u00e2ce \u00e0 un r\u00e9seau de partenaires soigneusement s\u00e9lectionn\u00e9s et une approche bas\u00e9e sur la performance, nous aidons les agences SEO, les freelance et les marques \u00e0 atteindre leurs objectifs de positionnement.<\/p>\n<\/div><figure class=\"wp-block-media-text__media\"><img loading=\"lazy\" decoding=\"async\" width=\"552\" height=\"452\" src=\"https:\/\/www.lanationduweb.fr\/business\/wp-content\/uploads\/2025\/04\/serp-google.png\" alt=\"\" class=\"wp-image-117 size-full\" srcset=\"https:\/\/www.lanationduweb.fr\/netlinking\/wp-content\/uploads\/2025\/04\/serp-google.png 552w, https:\/\/www.lanationduweb.fr\/netlinking\/wp-content\/uploads\/2025\/04\/serp-google-300x246.png 300w\" sizes=\"auto, (max-width: 552px) 100vw, 552px\" \/><\/figure><\/div>\n\n\n\n<p><\/p>\n\n\n\n<p><\/p>\n\n\n\n<p><\/p>\n\n\n\n<figure class=\"wp-block-video\"><video height=\"900\" style=\"aspect-ratio: 1600 \/ 900;\" width=\"1600\" autoplay loop muted preload=\"auto\" src=\"https:\/\/www.lanationduweb.fr\/netlinking\/wp-content\/uploads\/2025\/04\/B-4.mp4\" playsinline><\/video><\/figure>\n\n\n\n<div style=\"height:40px\" aria-hidden=\"true\" class=\"wp-block-spacer\"><\/div>\n\n\n\n<div class=\"wp-block-buttons alignwide is-content-justification-center is-layout-flex wp-container-core-buttons-is-layout-a89b3969 wp-block-buttons-is-layout-flex\">\n<div class=\"wp-block-button has-custom-width wp-block-button__width-75 is-style-fill\"><a class=\"wp-block-button__link has-medium-font-size has-custom-font-size wp-element-button\" href=\"https:\/\/www.lanationduweb.fr\/netlinking\/service\/\" style=\"border-radius:100px\">Commencer<\/a><\/div>\n<\/div>\n\n\n\n<div style=\"height:100px\" aria-hidden=\"true\" class=\"wp-block-spacer\"><\/div>\n\n\n\n<p class=\"has-text-align-center has-black-color has-text-color has-link-color has-large-font-size wp-elements-6d4b9363d90cb58297806b826a5a7e99\"><strong>Netlinking : Le pilier incontournable du SEO<\/strong><\/p>\n\n\n\n<p class=\"has-black-color has-text-color has-link-color wp-elements-53dc501981f261ef518a09b24709f46f\">Dans une strat\u00e9gie de r\u00e9f\u00e9rencement naturel, le netlinking est essentiel pour booster la visibilit\u00e9 de votre site. Cette pratique consiste \u00e0 augmenter le nombre de backlinks (liens externes) pointant vers votre site, ce qui indique aux moteurs de recherche que votre contenu est cr\u00e9dible et pertinent. En obtenant ces liens, vous am\u00e9liorez votre positionnement dans les r\u00e9sultats de recherche de Google.<\/p>\n\n\n\n<p class=\"has-black-color has-text-color has-link-color wp-elements-ac3706b7cfd00dcdefc8e576a6349d8d\">Notre agence vous propose un accompagnement sur-mesure pour d\u00e9ployer efficacement votre strat\u00e9gie de netlinking. De l\u2019allocation du budget \u00e0 la s\u00e9lection des m\u00e9dias et des ancres.<\/p>\n\n\n\n<div style=\"height:100px\" aria-hidden=\"true\" class=\"wp-block-spacer\"><\/div>\n\n\n\n<h3 class=\"wp-block-heading has-text-align-center\" style=\"border-style:none;border-width:0px;border-radius:0px\">Comment fonctionne LNDW Netlinking ?<\/h3>\n\n\n\n<p><\/p>\n\n\n\n<h6 class=\"wp-block-heading\"><strong>1. Inscription gratuite<\/strong><\/h6>\n\n\n\n<p>Cr\u00e9ez votre compte en quelques clics et acc\u00e9dez imm\u00e9diatement \u00e0 notre catalogue de backlinks.<\/p>\n\n\n\n<h6 class=\"wp-block-heading\">2. Personnalisez votre campagne<\/h6>\n\n\n\n<ul class=\"wp-block-list\">\n<li class=\"has-black-color has-text-color has-link-color wp-elements-1f63449724534d693389a7aa94defa25\">Choisissez l\u2019offre adapt\u00e9e<br>S\u00e9lectionnez l\u2019option qui correspond le mieux \u00e0 vos objectifs et \u00e0 votre budget.<\/li>\n\n\n\n<li class=\"has-black-color has-text-color has-link-color wp-elements-71d292065933fed5684ae6e9ff7c3ad3\">Ajoutez une ou plusieurs URLs<br>Indiquez les pages vers lesquelles vous souhaitez diriger les liens.<\/li>\n\n\n\n<li class=\"has-black-color has-text-color has-link-color wp-elements-ef39928e4863e55055dd78826dd4bcb3\">D\u00e9finissez vos mots-cl\u00e9s<br>Ciblez les expressions cl\u00e9s que vous souhaitez mettre en avant pour votre strat\u00e9gie SEO.<\/li>\n\n\n\n<li class=\"has-black-color has-text-color has-link-color wp-elements-6d3aa07dcb04cd972274914ef6ae9bfc\">Ajoutez du contenu multim\u00e9dia (optionnel)<br>Int\u00e9grez des images ou vid\u00e9os pour enrichir votre article \u2014 cette \u00e9tape est facultative.<\/li>\n\n\n\n<li class=\"has-black-color has-text-color has-link-color wp-elements-c1259eb42b44a40f5befa3acc097183f\">Importez ou r\u00e9digez votre article<br>T\u00e9l\u00e9chargez votre contenu au format PDF ou cr\u00e9ez-le directement depuis notre \u00e9diteur int\u00e9gr\u00e9.<\/li>\n\n\n\n<li class=\"has-black-color has-text-color has-link-color wp-elements-77b203a87b02739ac939fbebb7d1dc3f\">Activez l\u2019option SEO (optionnel)<br>Optimisez le r\u00e9f\u00e9rencement de votre publication sur nos sites partenaires gr\u00e2ce \u00e0 cette fonctionnalit\u00e9 suppl\u00e9mentaire.<\/li>\n<\/ul>\n\n\n\n<h6 class=\"wp-block-heading\">3. R\u00e9ception du backlink<\/h6>\n\n\n\n<p class=\"has-black-color has-text-color has-link-color wp-elements-8b30b6679964e4b0ce435e90edef9e1e\">Une fois votre commande valid\u00e9e, votre lien est publi\u00e9 sous 72 heures. Rapide, simple et efficace.<\/p>\n\n\n\n<div class=\"wp-block-buttons is-content-justification-center is-layout-flex wp-container-core-buttons-is-layout-a89b3969 wp-block-buttons-is-layout-flex\">\n<div class=\"wp-block-button has-custom-width wp-block-button__width-75\"><a class=\"wp-block-button__link has-medium-font-size has-custom-font-size wp-element-button\" href=\"https:\/\/www.lanationduweb.fr\/netlinking\/inscription\/\" style=\"border-radius:100px\">Je m&rsquo;inscris<\/a><\/div>\n<\/div>\n\n\n\n<div style=\"height:100px\" aria-hidden=\"true\" class=\"wp-block-spacer\"><\/div>\n\n\n\n<h3 class=\"wp-block-heading\">Maximisez l&rsquo;efficacit\u00e9 de votre campagne !<\/h3>\n\n\n\n<div class=\"wp-block-media-text is-stacked-on-mobile\"><figure class=\"wp-block-media-text__media\"><img loading=\"lazy\" decoding=\"async\" width=\"1024\" height=\"1024\" src=\"https:\/\/www.lanationduweb.fr\/business\/wp-content\/uploads\/2025\/04\/yellow-and-black-digital-marketing-Instagram-post-1024x1024.png\" alt=\"Netlinking\" class=\"wp-image-175 size-full\" srcset=\"https:\/\/www.lanationduweb.fr\/netlinking\/wp-content\/uploads\/2025\/04\/yellow-and-black-digital-marketing-Instagram-post-1024x1024.png 1024w, https:\/\/www.lanationduweb.fr\/netlinking\/wp-content\/uploads\/2025\/04\/yellow-and-black-digital-marketing-Instagram-post-300x300.png 300w, https:\/\/www.lanationduweb.fr\/netlinking\/wp-content\/uploads\/2025\/04\/yellow-and-black-digital-marketing-Instagram-post-150x150.png 150w, https:\/\/www.lanationduweb.fr\/netlinking\/wp-content\/uploads\/2025\/04\/yellow-and-black-digital-marketing-Instagram-post-768x768.png 768w, https:\/\/www.lanationduweb.fr\/netlinking\/wp-content\/uploads\/2025\/04\/yellow-and-black-digital-marketing-Instagram-post.png 1080w\" sizes=\"auto, (max-width: 1024px) 100vw, 1024px\" \/><\/figure><div class=\"wp-block-media-text__content\">\n<p class=\"has-black-color has-text-color has-link-color wp-elements-153cc556b807c2f5c73d087a9b3da7a9\"><strong> Recherchez vos mots-cl\u00e9s<\/strong><\/p>\n\n\n\n<p class=\"has-black-color has-text-color has-link-color wp-elements-6a8d071cba23904b8398fcbb8fcdc83e\">Avant de choisir les ancres, identifiez les mots-cl\u00e9s les plus pertinents pour votre activit\u00e9. Optez pour des termes :<\/p>\n\n\n\n<ul class=\"wp-block-list\">\n<li class=\"has-black-color has-text-color has-link-color wp-elements-bba3755143b461c02bf39b7f71f9b0fe\">Avec <strong>un bon volume de recherche<\/strong><\/li>\n\n\n\n<li class=\"has-black-color has-text-color has-link-color wp-elements-c1ea7a82c328b6fdd375fd19b3beac91\">Peu ou moyennement concurrentiels (selon votre autorit\u00e9)<\/li>\n\n\n\n<li class=\"has-black-color has-text-color has-link-color wp-elements-b12582a6843eb5e656c031f1656966bc\">En lien direct avec l\u2019intention de vos visiteurs<\/li>\n<\/ul>\n\n\n\n<p class=\"has-black-color has-text-color has-link-color wp-elements-6553dafcfc2eb6197461a5b3bd6949f5\"><strong>Outils recommand\u00e9s pour l\u2019analyse de mots-cl\u00e9s :<\/strong><\/p>\n\n\n\n<figure class=\"wp-block-gallery has-nested-images columns-default is-cropped wp-block-gallery-1 is-layout-flex wp-block-gallery-is-layout-flex\">\n<figure class=\"wp-block-image size-thumbnail\"><img loading=\"lazy\" decoding=\"async\" width=\"150\" height=\"150\" data-id=\"251\" src=\"https:\/\/www.lanationduweb.fr\/netlinking\/wp-content\/uploads\/2025\/04\/sem-1-150x150.png\" alt=\"\" class=\"wp-image-251\" srcset=\"https:\/\/www.lanationduweb.fr\/netlinking\/wp-content\/uploads\/2025\/04\/sem-1-150x150.png 150w, https:\/\/www.lanationduweb.fr\/netlinking\/wp-content\/uploads\/2025\/04\/sem-1-300x300.png 300w, https:\/\/www.lanationduweb.fr\/netlinking\/wp-content\/uploads\/2025\/04\/sem-1.png 500w\" sizes=\"auto, (max-width: 150px) 100vw, 150px\" \/><\/figure>\n\n\n\n<figure class=\"wp-block-image size-thumbnail\"><a href=\"https:\/\/moz.com\/\" target=\"_blank\" rel=\" noreferrer noopener\"><img loading=\"lazy\" decoding=\"async\" width=\"150\" height=\"150\" data-id=\"180\" src=\"https:\/\/www.lanationduweb.fr\/netlinking\/wp-content\/uploads\/2025\/04\/images-4-150x150.png\" alt=\"\" class=\"wp-image-180\" srcset=\"https:\/\/www.lanationduweb.fr\/netlinking\/wp-content\/uploads\/2025\/04\/images-4-150x150.png 150w, https:\/\/www.lanationduweb.fr\/netlinking\/wp-content\/uploads\/2025\/04\/images-4.png 225w\" sizes=\"auto, (max-width: 150px) 100vw, 150px\" \/><\/a><\/figure>\n\n\n\n<figure class=\"wp-block-image size-thumbnail\"><a href=\"https:\/\/ahrefs.com\/fr\" target=\"_blank\" rel=\" noreferrer noopener\"><img loading=\"lazy\" decoding=\"async\" width=\"150\" height=\"150\" data-id=\"164\" src=\"https:\/\/www.lanationduweb.fr\/netlinking\/wp-content\/uploads\/2025\/04\/images-3-1-150x150.png\" alt=\"mot cl\u00e9\" class=\"wp-image-164\" srcset=\"https:\/\/www.lanationduweb.fr\/netlinking\/wp-content\/uploads\/2025\/04\/images-3-1-150x150.png 150w, https:\/\/www.lanationduweb.fr\/netlinking\/wp-content\/uploads\/2025\/04\/images-3-1-300x300.png 300w, https:\/\/www.lanationduweb.fr\/netlinking\/wp-content\/uploads\/2025\/04\/images-3-1.png 500w\" sizes=\"auto, (max-width: 150px) 100vw, 150px\" \/><\/a><\/figure>\n<\/figure>\n<\/div><\/div>\n\n\n\n<div style=\"height:100px\" aria-hidden=\"true\" class=\"wp-block-spacer\"><\/div>\n\n\n\n<p class=\"has-text-align-center has-black-color has-text-color has-link-color has-x-large-font-size wp-elements-ee78ff022be6cc42458010e1d58f5a7f\"><strong>Nos Sites<\/strong><\/p>\n\n\n\n<details class=\"wp-block-details has-medium-font-size is-layout-flow wp-container-core-details-is-layout-22223934 wp-block-details-is-layout-flow\"><summary><strong>Des sites vivants<\/strong><\/summary>\n<p class=\"has-black-color has-text-color has-link-color wp-elements-b4dc24e405fa5867ec279e66d7cb627a\" style=\"font-size:18px\">Nous mettons un point d&rsquo;honneur \u00e0 maintenir nos sites actifs en publiant r\u00e9guli\u00e8rement des articles frais et de qualit\u00e9.<\/p>\n\n\n\n<p><\/p>\n<\/details>\n\n\n\n<details class=\"wp-block-details has-medium-font-size is-layout-flow wp-container-core-details-is-layout-22223934 wp-block-details-is-layout-flow\"><summary><strong>Th\u00e9matiques vari\u00e9es<\/strong><\/summary>\n<p class=\"has-black-color has-text-color has-link-color wp-elements-f1017fdde4810f2e8bc1fec7e60c2748\" style=\"font-size:18px\">Besoin de backlinks th\u00e9matis\u00e9s ? Nous proposons une large gamme de sites sp\u00e9cialis\u00e9s pour r\u00e9pondre pr\u00e9cis\u00e9ment \u00e0 vos attentes.<\/p>\n\n\n\n<p><\/p>\n<\/details>\n\n\n\n<details class=\"wp-block-details has-medium-font-size is-layout-flow wp-container-core-details-is-layout-22223934 wp-block-details-is-layout-flow\"><summary><strong>Indexation garantie<\/strong><\/summary>\n<p class=\"has-black-color has-text-color has-link-color wp-elements-a382cdeb6578607e6f3228eca2af21ef\" style=\"font-size:18px\">Un backlink doit \u00eatre index\u00e9 pour \u00eatre efficace. Si votre lien n&rsquo;est pas index\u00e9 dans les 21 jours, nous vous offrons un backlink suppl\u00e9mentaire.<\/p>\n\n\n\n<p><\/p>\n<\/details>\n\n\n\n<details class=\"wp-block-details has-medium-font-size is-layout-flow wp-container-core-details-is-layout-22223934 wp-block-details-is-layout-flow\"><summary><strong>Th\u00e9matiques interdites<\/strong><\/summary>\n<p style=\"font-size:18px\">Par respect pour la qualit\u00e9 de nos sites et leur ligne \u00e9ditoriale, nous refusons toute commande li\u00e9e \u00e0 des th\u00e9matiques ill\u00e9gales en France (prostitution, drogues, etc.) ou jug\u00e9es sensibles\/borderline, comme les jeux d\u2019argent, les casinos ou les paris en ligne.<br>Nous tenons \u00e0 pr\u00e9server la valeur et la r\u00e9putation de nos sites, c\u2019est pourquoi ces sujets ne sont pas accept\u00e9s.<\/p>\n\n\n\n<p style=\"font-size:18px\"><\/p>\n<\/details>\n\n\n\n<details class=\"wp-block-details has-medium-font-size is-layout-flow wp-container-core-details-is-layout-22223934 wp-block-details-is-layout-flow\"><summary><strong>C\u2019est quoi le netlinking ?<\/strong><\/summary>\n<p style=\"font-size:18px\">Le <strong>netlinking<\/strong>, aussi appel\u00e9 <strong>link building<\/strong>, est une strat\u00e9gie SEO qui consiste \u00e0 obtenir des <strong>backlinks<\/strong> (liens entrants) pointant vers un site web. Ces liens renforcent la <strong>popularit\u00e9<\/strong> et la <strong>visibilit\u00e9<\/strong> d\u2019un site aux yeux des moteurs de recherche comme Google. Chez <strong>LNDW Netlinking<\/strong>, nous vous accompagnons pour b\u00e2tir un profil de liens naturel, pertinent et durable.<\/p>\n\n\n\n<p><\/p>\n<\/details>\n\n\n\n<details class=\"wp-block-details has-medium-font-size is-layout-flow wp-container-core-details-is-layout-22223934 wp-block-details-is-layout-flow\"><summary><strong>Pourquoi faire du netlinking ?<\/strong><\/summary>\n<p style=\"font-size:18px\">Faire du <strong>netlinking<\/strong>, c\u2019est am\u00e9liorer son <strong>r\u00e9f\u00e9rencement naturel<\/strong>. Un site avec des <strong>liens de qualit\u00e9<\/strong> gagne en autorit\u00e9 et en position sur Google. Chez <strong>LNDW Netlinking<\/strong>, nous mettons en place des campagnes efficaces pour booster votre <strong>trafic organique<\/strong> et vos <strong>r\u00e9sultats SEO<\/strong>.<\/p>\n\n\n\n<p><\/p>\n<\/details>\n\n\n\n<details class=\"wp-block-details has-medium-font-size is-layout-flow wp-container-core-details-is-layout-22223934 wp-block-details-is-layout-flow\"><summary><strong>Netlinking pas cher<\/strong><\/summary>\n<p style=\"font-size:18px\">Vous cherchez du <strong>netlinking pas cher<\/strong> sans sacrifier la qualit\u00e9 ? <strong>LNDW Netlinking<\/strong> propose des offres abordables pour les TPE, PME et freelances, tout en garantissant des backlinks efficaces et durables.<\/p>\n\n\n\n<p><\/p>\n<\/details>\n\n\n\n<details class=\"wp-block-details has-medium-font-size is-layout-flow wp-container-core-details-is-layout-22223934 wp-block-details-is-layout-flow\"><summary><strong>Comment faire du netlinking ?<\/strong><\/summary>\n<p style=\"font-size:18px\">Pour faire du <strong>netlinking<\/strong> efficacement, il est essentiel de miser sur des liens de qualit\u00e9 provenant de sites fiables et bien th\u00e9matis\u00e9s. Avec <strong>LNDW Netlinking<\/strong>, vous acc\u00e9dez \u00e0 une <strong>plateforme simple et intuitive<\/strong> qui vous permet de <strong>commander vos backlinks en quelques clics<\/strong>. Choisissez vos offres, vos ancres et suivez vos campagnes en toute autonomie, tout en b\u00e9n\u00e9ficiant de l\u2019expertise de notre \u00e9quipe si besoin.<\/p>\n\n\n\n<div style=\"height:100px\" aria-hidden=\"true\" class=\"wp-block-spacer\"><\/div>\n\n\n\n<p><\/p>\n<\/details>\n\n\n\n<p><\/p>\n\n\n\n<div class=\"wp-block-buttons is-content-justification-center is-layout-flex wp-container-core-buttons-is-layout-a89b3969 wp-block-buttons-is-layout-flex\">\n<div class=\"wp-block-button has-custom-width wp-block-button__width-75 is-style-fill\"><a class=\"wp-block-button__link has-medium-font-size has-custom-font-size wp-element-button\" href=\"https:\/\/www.lanationduweb.fr\/netlinking\/service\/\" style=\"border-radius:100px;padding-top:var(--wp--preset--spacing--30);padding-right:var(--wp--preset--spacing--30);padding-bottom:var(--wp--preset--spacing--30);padding-left:var(--wp--preset--spacing--30)\">Commencer<\/a><\/div>\n<\/div>\n\n\n\n<p class=\"has-small-font-size\"><\/p>\n\n\n\n<div style=\"height:100px\" aria-hidden=\"true\" class=\"wp-block-spacer\"><\/div>\n\n\n\n<p class=\"has-x-large-font-size\" style=\"border-radius:0px\"><strong>Contactez-Nous<\/strong><\/p>\n\n\n\n<div class=\"forminator-guttenberg\"><div class=\"forminator-ui forminator-custom-form forminator-custom-form-224 forminator-design--default  forminator_ajax\" data-forminator-render=\"0\" data-form=\"forminator-module-224\" data-uid=\"69e5e9fa41014\"><br\/><\/div><form\n\t\t\t\tid=\"forminator-module-224\"\n\t\t\t\tclass=\"forminator-ui forminator-custom-form forminator-custom-form-224 forminator-design--default  forminator_ajax\"\n\t\t\t\tmethod=\"post\"\n\t\t\t\tdata-forminator-render=\"0\"\n\t\t\t\tdata-form-id=\"224\"\n\t\t\t\t data-color-option=\"default\" data-design=\"default\" data-grid=\"open\" style=\"display: none;\"\n\t\t\t\tdata-uid=\"69e5e9fa41014\"\n\t\t\t><div role=\"alert\" aria-live=\"polite\" class=\"forminator-response-message forminator-error\" aria-hidden=\"true\"><\/div><div class=\"forminator-row\"><div id=\"name-1\" class=\"forminator-field-name forminator-col forminator-col-12 \"><div class=\"forminator-field\"><label for=\"forminator-field-name-1_69e5e9fa41014\" id=\"forminator-field-name-1_69e5e9fa41014-label\" class=\"forminator-label\">Nom &amp; Pr\u00e9nom <span class=\"forminator-required\">*<\/span><\/label><input type=\"text\" name=\"name-1\" value=\"\" placeholder=\"Par exemple\u00a0: Jean\" id=\"forminator-field-name-1_69e5e9fa41014\" class=\"forminator-input forminator-name--field\" aria-required=\"true\" autocomplete=\"name\" \/><\/div><\/div><\/div><div class=\"forminator-row\"><div id=\"email-1\" class=\"forminator-field-email forminator-col forminator-col-12 \"><div class=\"forminator-field\"><label for=\"forminator-field-email-1_69e5e9fa41014\" id=\"forminator-field-email-1_69e5e9fa41014-label\" class=\"forminator-label\">Adresse de messagerie <span class=\"forminator-required\">*<\/span><\/label><input type=\"email\" name=\"email-1\" value=\"\" placeholder=\"Par exemple\u00a0: jacques@martin.com\" id=\"forminator-field-email-1_69e5e9fa41014\" class=\"forminator-input forminator-email--field\" data-required=\"true\" aria-required=\"true\" autocomplete=\"email\" \/><\/div><\/div><\/div><div class=\"forminator-row\"><div id=\"phone-1\" class=\"forminator-field-phone forminator-col forminator-col-12 \"><div class=\"forminator-field\"><label for=\"forminator-field-phone-1_69e5e9fa41014\" id=\"forminator-field-phone-1_69e5e9fa41014-label\" class=\"forminator-label\">Num\u00e9ro de t\u00e9l\u00e9phone<\/label><input type=\"text\" name=\"phone-1\" value=\"\" placeholder=\"Par exemple\u00a0: +1 02 03 04 05\" id=\"forminator-field-phone-1_69e5e9fa41014\" class=\"forminator-input forminator-field--phone\" data-required=\"\" aria-required=\"false\" autocomplete=\"off\" \/><\/div><\/div><\/div><div class=\"forminator-row\"><div id=\"textarea-1\" class=\"forminator-field-textarea forminator-col forminator-col-12 \"><div class=\"forminator-field\"><label for=\"forminator-field-textarea-1_69e5e9fa41014\" id=\"forminator-field-textarea-1_69e5e9fa41014-label\" class=\"forminator-label\">Message <span class=\"forminator-required\">*<\/span><\/label><span id=\"forminator-field-textarea-1_69e5e9fa41014-description\" class=\"forminator-description\"><span data-limit=\"1000\" data-type=\"characters\" data-editor=\"\">0 \/ 1000<\/span><\/span><textarea name=\"textarea-1\" placeholder=\"Saisissez votre message\u2026\" id=\"forminator-field-textarea-1_69e5e9fa41014\" class=\"forminator-textarea\" rows=\"6\" style=\"min-height:140px;\" maxlength=\"1000\" ><\/textarea><\/div><\/div><\/div><input type=\"hidden\" name=\"referer_url\" value=\"\" \/><div class=\"forminator-row forminator-row-last\"><div class=\"forminator-col\"><div class=\"forminator-field\"><button class=\"forminator-button forminator-button-submit\">Envoyer le message<\/button><\/div><\/div><\/div><input type=\"hidden\" id=\"forminator_nonce\" name=\"forminator_nonce\" value=\"eb2bc15abe\" \/><input type=\"hidden\" name=\"_wp_http_referer\" value=\"\/netlinking\/wp-json\/wp\/v2\/pages\/73\" \/><input type=\"hidden\" name=\"form_id\" value=\"224\"><input type=\"hidden\" name=\"page_id\" value=\"73\"><input type=\"hidden\" name=\"form_type\" value=\"default\"><input type=\"hidden\" name=\"current_url\" value=\"https:\/\/www.lanationduweb.fr\/netlinking\/\"><input type=\"hidden\" name=\"render_id\" value=\"0\"><input type=\"hidden\" name=\"action\" value=\"forminator_submit_form_custom-forms\"><\/form><\/div>\n\n\n\n<p style=\"border-radius:0px\"><\/p>\n\n\n\n<p><\/p>\n","protected":false},"excerpt":{"rendered":"<p>Boostez votre autorit\u00e9 gr\u00e2ce \u00e0 notre&nbsp;plateforme de netlinking LNDW Netlinking est une plateforme sp\u00e9cialis\u00e9e dans le netlinking de qualit\u00e9, pens\u00e9e [&hellip;]<\/p>\n","protected":false},"author":1,"featured_media":0,"parent":0,"menu_order":0,"comment_status":"closed","ping_status":"closed","template":"","meta":{"site-sidebar-layout":"default","site-content-layout":"","ast-site-content-layout":"","site-content-style":"default","site-sidebar-style":"default","ast-global-header-display":"","ast-banner-title-visibility":"","ast-main-header-display":"","ast-hfb-above-header-display":"","ast-hfb-below-header-display":"","ast-hfb-mobile-header-display":"","site-post-title":"disabled","ast-breadcrumbs-content":"","ast-featured-img":"","footer-sml-layout":"","theme-transparent-header-meta":"","adv-header-id-meta":"","stick-header-meta":"","header-above-stick-meta":"","header-main-stick-meta":"","header-below-stick-meta":"","astra-migrate-meta-layouts":"default","ast-page-background-enabled":"default","ast-page-background-meta":{"desktop":{"background-color":"var(--ast-global-color-5)","background-image":"","background-repeat":"repeat","background-position":"center center","background-size":"auto","background-attachment":"scroll","background-type":"","background-media":"","overlay-type":"","overlay-color":"","overlay-opacity":"","overlay-gradient":""},"tablet":{"background-color":"","background-image":"","background-repeat":"repeat","background-position":"center center","background-size":"auto","background-attachment":"scroll","background-type":"","background-media":"","overlay-type":"","overlay-color":"","overlay-opacity":"","overlay-gradient":""},"mobile":{"background-color":"","background-image":"","background-repeat":"repeat","background-position":"center center","background-size":"auto","background-attachment":"scroll","background-type":"","background-media":"","overlay-type":"","overlay-color":"","overlay-opacity":"","overlay-gradient":""}},"ast-content-background-meta":{"desktop":{"background-color":"var(--ast-global-color-4)","background-image":"","background-repeat":"repeat","background-position":"center center","background-size":"auto","background-attachment":"scroll","background-type":"","background-media":"","overlay-type":"","overlay-color":"","overlay-opacity":"","overlay-gradient":""},"tablet":{"background-color":"var(--ast-global-color-4)","background-image":"","background-repeat":"repeat","background-position":"center center","background-size":"auto","background-attachment":"scroll","background-type":"","background-media":"","overlay-type":"","overlay-color":"","overlay-opacity":"","overlay-gradient":""},"mobile":{"background-color":"var(--ast-global-color-4)","background-image":"","background-repeat":"repeat","background-position":"center center","background-size":"auto","background-attachment":"scroll","background-type":"","background-media":"","overlay-type":"","overlay-color":"","overlay-opacity":"","overlay-gradient":""}},"footnotes":""},"class_list":["post-73","page","type-page","status-publish","hentry"],"_links":{"self":[{"href":"https:\/\/www.lanationduweb.fr\/netlinking\/wp-json\/wp\/v2\/pages\/73","targetHints":{"allow":["GET"]}}],"collection":[{"href":"https:\/\/www.lanationduweb.fr\/netlinking\/wp-json\/wp\/v2\/pages"}],"about":[{"href":"https:\/\/www.lanationduweb.fr\/netlinking\/wp-json\/wp\/v2\/types\/page"}],"author":[{"embeddable":true,"href":"https:\/\/www.lanationduweb.fr\/netlinking\/wp-json\/wp\/v2\/users\/1"}],"replies":[{"embeddable":true,"href":"https:\/\/www.lanationduweb.fr\/netlinking\/wp-json\/wp\/v2\/comments?post=73"}],"version-history":[{"count":98,"href":"https:\/\/www.lanationduweb.fr\/netlinking\/wp-json\/wp\/v2\/pages\/73\/revisions"}],"predecessor-version":[{"id":323,"href":"https:\/\/www.lanationduweb.fr\/netlinking\/wp-json\/wp\/v2\/pages\/73\/revisions\/323"}],"wp:attachment":[{"href":"https:\/\/www.lanationduweb.fr\/netlinking\/wp-json\/wp\/v2\/media?parent=73"}],"curies":[{"name":"wp","href":"https:\/\/api.w.org\/{rel}","templated":true}]}}